{"id":132,"date":"2012-07-14T20:08:35","date_gmt":"2012-07-14T23:08:35","guid":{"rendered":"http:\/\/blog.brelaz.com.br\/?page_id=132"},"modified":"2012-07-15T23:26:10","modified_gmt":"2012-07-16T02:26:10","slug":"mestrado-em-ci","status":"publish","type":"page","link":"https:\/\/blog.brelaz.com.br\/?page_id=132","title":{"rendered":"Mestrado em CI"},"content":{"rendered":"<p>Informa\u00e7\u00f5es b\u00e1sicas sobre a pesquisa de Mestrado em Ci\u00eancias da Informa\u00e7\u00e3o na UnB.<\/p>\n<ul>\n<li>Tema de Pesquisa: Informa\u00e7\u00e3o Qu\u00e2ntica<\/li>\n<li>T\u00edtulo de Pesquisa: Arquitetura da Informa\u00e7\u00e3o Qu\u00e2ntica: uma vis\u00e3o fenomenologista.<\/li>\n<li>Pergunta principal: Qual a rela\u00e7\u00e3o entre a Informa\u00e7\u00e3o Qu\u00e2ntica e a Arquitetura da Informa\u00e7\u00e3o observada na TGAI?<\/li>\n<li>Objetivo Geral: Construir um arcabou\u00e7o conceitual de Arquitetura da Informa\u00e7\u00e3o Qu\u00e2ntica \u00e0 luz da Teoria Geral da Arquitetura da Informa\u00e7\u00e3o proposta por Lima-Marques (2011).<\/li>\n<li>Objetivos Espec\u00edficos:\n<ul>\n<li>Estabelecer o status cient\u00edfico do conceito de Informa\u00e7\u00e3o Qu\u00e2ntica de forma a torn\u00e1-lo parte do campo de estudo da Ci\u00eancia da Informa\u00e7\u00e3o.<\/li>\n<li>Estabelecer a disciplina cient\u00edfica Arquitetura da Informa\u00e7\u00e3o como contida no campo de estudo da Ci\u00eancia da Informa\u00e7\u00e3o.<\/li>\n<li>Identificar rela\u00e7\u00f5es entre o modelo fenomenol\u00f3gico de Husserl (1990) e o conceito de Informa\u00e7\u00e3o utilizado na Mec\u00e2nica Qu\u00e2ntica.<\/li>\n<\/ul>\n<\/li>\n<\/ul>\n<p><strong>Resumo:<\/strong>\u00a0Apresenta-se os problemas fundamentais que permeiam o conceito de informa\u00e7\u00e3o em duas \u00e1reas do conhecimento: a Ci\u00eancia da Informa\u00e7\u00e3o e a F\u00edsica. Prop\u00f5e-se identificar uma rela\u00e7\u00e3o entre o modelo fenomenol\u00f3gico de Husserl e o conceito de Informa\u00e7\u00e3o utilizado na Mec\u00e2nica Qu\u00e2ntica e as implica\u00e7\u00f5es que essa rela\u00e7\u00e3o possa ter na percep\u00e7\u00e3o do sujeito quanto ao mundo. Sugere-se que a busca de um conceito espec\u00edfico na Ci\u00eancia da Informa\u00e7\u00e3o Qu\u00e2ntica possa contribuir para a Teoria Geral da Arquitetura da Informa\u00e7\u00e3o.<\/p>\n<p><strong>Palavras-chave:<\/strong> Informa\u00e7\u00e3o; Arquitetura da Informa\u00e7\u00e3o; F\u00edsica; Mec\u00e2nica Qu\u00e2ntica.<\/p>\n<h4>Resultados Alcan\u00e7ados:<\/h4>\n<ul>\n<li>Defini\u00e7\u00e3o do tema.<\/li>\n<li><a title=\"Justificativa\" href=\"https:\/\/blog.brelaz.com.br\/?page_id=142\">Justificativa social e cient\u00edfica do estudo do tema<\/a>.<\/li>\n<li>Pergunta espec\u00edfica a que se pretende responder com a pesquisa.<\/li>\n<li>Objetivos geral e espec\u00edficos.<\/li>\n<li><a title=\"Metodologia\" href=\"https:\/\/blog.brelaz.com.br\/?page_id=146\">Metodologia geral de pesquisa<\/a>.<\/li>\n<li><a title=\"Base Te\u00f3rica\" href=\"https:\/\/blog.brelaz.com.br\/?page_id=151\">Defini\u00e7\u00e3o de uma Base Te\u00f3rica<\/a>.<\/li>\n<\/ul>\n<h4>Pr\u00f3ximos Passos:<\/h4>\n<ul>\n<li>Delimita\u00e7\u00e3o e caracteriza\u00e7\u00e3o do problema em formato de artigo para publica\u00e7\u00e3o (em andamento).<\/li>\n<li>Desenvolvimento da Fundamenta\u00e7\u00e3o Te\u00f3rica\u00a0sobre Ci\u00eancia da Informa\u00e7\u00e3o e Arquitetura da Informa\u00e7\u00e3o.<\/li>\n<li>Desenvolvimento da Fundamenta\u00e7\u00e3o Te\u00f3rica sobre Informa\u00e7\u00e3o Qu\u00e2ntica e Ci\u00eancia da Informa\u00e7\u00e3o Qu\u00e2ntica.<\/li>\n<li>Identifica\u00e7\u00e3o das rela\u00e7\u00f5es entre a Informa\u00e7\u00e3o Qu\u00e2ntica e a Arquitetura da Informa\u00e7\u00e3o.<\/li>\n<\/ul>\n","protected":false},"excerpt":{"rendered":"<p>Informa\u00e7\u00f5es b\u00e1sicas sobre a pesquisa de Mestrado em Ci\u00eancias da Informa\u00e7\u00e3o na UnB. Tema de Pesquisa: Informa\u00e7\u00e3o Qu\u00e2ntica T\u00edtulo de Pesquisa: Arquitetura da Informa\u00e7\u00e3o Qu\u00e2ntica: uma vis\u00e3o fenomenologista. Pergunta principal: Qual a rela\u00e7\u00e3o entre a Informa\u00e7\u00e3o Qu\u00e2ntica e a Arquitetura &hellip; <a href=\"https:\/\/blog.brelaz.com.br\/?page_id=132\">Continuar lendo <span class=\"meta-nav\">&rarr;<\/span><\/a><\/p>\n","protected":false},"author":1,"featured_media":135,"parent":0,"menu_order":0,"comment_status":"open","ping_status":"open","template":"","meta":{"footnotes":""},"class_list":["post-132","page","type-page","status-publish","has-post-thumbnail","hentry"],"_links":{"self":[{"href":"https:\/\/blog.brelaz.com.br\/index.php?rest_route=\/wp\/v2\/pages\/132","targetHints":{"allow":["GET"]}}],"collection":[{"href":"https:\/\/blog.brelaz.com.br\/index.php?rest_route=\/wp\/v2\/pages"}],"about":[{"href":"https:\/\/blog.brelaz.com.br\/index.php?rest_route=\/wp\/v2\/types\/page"}],"author":[{"embeddable":true,"href":"https:\/\/blog.brelaz.com.br\/index.php?rest_route=\/wp\/v2\/users\/1"}],"replies":[{"embeddable":true,"href":"https:\/\/blog.brelaz.com.br\/index.php?rest_route=%2Fwp%2Fv2%2Fcomments&post=132"}],"version-history":[{"count":12,"href":"https:\/\/blog.brelaz.com.br\/index.php?rest_route=\/wp\/v2\/pages\/132\/revisions"}],"predecessor-version":[{"id":138,"href":"https:\/\/blog.brelaz.com.br\/index.php?rest_route=\/wp\/v2\/pages\/132\/revisions\/138"}],"wp:featuredmedia":[{"embeddable":true,"href":"https:\/\/blog.brelaz.com.br\/index.php?rest_route=\/wp\/v2\/media\/135"}],"wp:attachment":[{"href":"https:\/\/blog.brelaz.com.br\/index.php?rest_route=%2Fwp%2Fv2%2Fmedia&parent=132"}],"curies":[{"name":"wp","href":"https:\/\/api.w.org\/{rel}","templated":true}]}}