{"id":142,"date":"2012-07-15T19:34:49","date_gmt":"2012-07-15T22:34:49","guid":{"rendered":"http:\/\/blog.brelaz.com.br\/?page_id=142"},"modified":"2012-07-16T03:18:11","modified_gmt":"2012-07-16T06:18:11","slug":"justificativa","status":"publish","type":"page","link":"https:\/\/blog.brelaz.com.br\/?page_id=142","title":{"rendered":"Justificativa"},"content":{"rendered":"<p>Quase toda disciplina cient\u00edfica usa o conceito de <em>informa\u00e7\u00e3o<\/em> dentro de um contexto e com rela\u00e7\u00e3o \u00e0 fen\u00f4menos espec\u00edficos. A Teoria Unificada da Informa\u00e7\u00e3o de Hofkirchner (2009) aponta uma necessidade de integrar todas as teorias que buscam esse conceito em um \u00fanico conceito gen\u00e9rico de informa\u00e7\u00e3o. Pode-se observar tamb\u00e9m que existem pontos comuns nas defini\u00e7\u00f5es propostas pelos autores da Ci\u00eancia da Informa\u00e7\u00e3o (CI). Em ci\u00eancias naturais, como na F\u00edsica e na Biologia, percebe-se uma preocupa\u00e7\u00e3o entre os autores na necessidade de uma defini\u00e7\u00e3o sobre o termo. Por\u00e9m, na Mec\u00e2nica Qu\u00e2ntica existe uma linha que direciona a busca pela <em>informa\u00e7\u00e3o<\/em> para o meio ontol\u00f3gico.<\/p>\n<p>A Teoria Geral da Arquitetura da Informa\u00e7\u00e3o (TGAI) proposta por Lima-Marques (2011) possui uma vis\u00e3o\u00a0ampliada de seu dom\u00ednio de atua\u00e7\u00e3o, o que dificulta a sua comprova\u00e7\u00e3o pela observa\u00e7\u00e3o em meios espec\u00edficos. A ado\u00e7\u00e3o de fundamentos da F\u00edsica Qu\u00e2ntica para a Arquitetura da Informa\u00e7\u00e3o se revela como uma interessante refer\u00eancia para a consolida\u00e7\u00e3o da proposta deste conceito em modelos mais gen\u00e9ricos e com explica\u00e7\u00f5es cient\u00edficas mais adequadas.<\/p>\n<h4>Refer\u00eancias:<\/h4>\n<p>HOFKIRCHNER, W. How to achieve a unified theory of information. <strong>tripleC<\/strong>, v. 7, n. 2, p. 357-368, 2009.<\/p>\n<p>LIMA\u2013MARQUES, M. Outline of a theoretical framework of Architecture of Information: a School of Brasilia proposal. In: BEZIAU, J.-Y.; CONIGLIO, M. E. (Eds.). <strong>Logic without Frontiers: Festschrift for Walter Alexandre Carnielli on the Occasion of His 60th Birthday<\/strong>. London: [s.n.], 2011.<\/p>\n","protected":false},"excerpt":{"rendered":"<p>Quase toda disciplina cient\u00edfica usa o conceito de informa\u00e7\u00e3o dentro de um contexto e com rela\u00e7\u00e3o \u00e0 fen\u00f4menos espec\u00edficos. A Teoria Unificada da Informa\u00e7\u00e3o de Hofkirchner (2009) aponta uma necessidade de integrar todas as teorias que buscam esse conceito em &hellip; <a href=\"https:\/\/blog.brelaz.com.br\/?page_id=142\">Continuar lendo <span class=\"meta-nav\">&rarr;<\/span><\/a><\/p>\n","protected":false},"author":1,"featured_media":0,"parent":132,"menu_order":2,"comment_status":"open","ping_status":"closed","template":"","meta":{"footnotes":""},"class_list":["post-142","page","type-page","status-publish","hentry"],"_links":{"self":[{"href":"https:\/\/blog.brelaz.com.br\/index.php?rest_route=\/wp\/v2\/pages\/142","targetHints":{"allow":["GET"]}}],"collection":[{"href":"https:\/\/blog.brelaz.com.br\/index.php?rest_route=\/wp\/v2\/pages"}],"about":[{"href":"https:\/\/blog.brelaz.com.br\/index.php?rest_route=\/wp\/v2\/types\/page"}],"author":[{"embeddable":true,"href":"https:\/\/blog.brelaz.com.br\/index.php?rest_route=\/wp\/v2\/users\/1"}],"replies":[{"embeddable":true,"href":"https:\/\/blog.brelaz.com.br\/index.php?rest_route=%2Fwp%2Fv2%2Fcomments&post=142"}],"version-history":[{"count":4,"href":"https:\/\/blog.brelaz.com.br\/index.php?rest_route=\/wp\/v2\/pages\/142\/revisions"}],"predecessor-version":[{"id":182,"href":"https:\/\/blog.brelaz.com.br\/index.php?rest_route=\/wp\/v2\/pages\/142\/revisions\/182"}],"up":[{"embeddable":true,"href":"https:\/\/blog.brelaz.com.br\/index.php?rest_route=\/wp\/v2\/pages\/132"}],"wp:attachment":[{"href":"https:\/\/blog.brelaz.com.br\/index.php?rest_route=%2Fwp%2Fv2%2Fmedia&parent=142"}],"curies":[{"name":"wp","href":"https:\/\/api.w.org\/{rel}","templated":true}]}}