{"id":146,"date":"2012-07-15T20:28:44","date_gmt":"2012-07-15T23:28:44","guid":{"rendered":"http:\/\/blog.brelaz.com.br\/?page_id=146"},"modified":"2012-07-16T03:18:20","modified_gmt":"2012-07-16T06:18:20","slug":"metodologia","status":"publish","type":"page","link":"https:\/\/blog.brelaz.com.br\/?page_id=146","title":{"rendered":"Metodologia"},"content":{"rendered":"<p>O trabalho proposto \u00e9 dividido em duas fases. A primeira trata-se de uma pesquisa bibliogr\u00e1fica explorat\u00f3ria (GIL,2002) em livros, artigos, peri\u00f3dicos e document\u00e1rios que utilizem a Mec\u00e2nica Qu\u00e2ntica como meio para explica\u00e7\u00f5es de fen\u00f4menos observados em sistemas macrosc\u00f3picos. Essa pesquisa fornecer\u00e1 exemplos de contribui\u00e7\u00f5es existentes que ser\u00e3o analisados a fim de estimular a compreens\u00e3o dos fen\u00f4menos observados e compor um embasamento para interpreta\u00e7\u00e3o e contextualiza\u00e7\u00e3o do tema na Ci\u00eancia da Informa\u00e7\u00e3o.<\/p>\n<p>A segunda fase se trata de uma pesquisa explicativa (GIL, 2002) de car\u00e1ter anal\u00edtico buscando aprimorar fundamentos atrav\u00e9s de uma abordagem te\u00f3rica sobre um campo espec\u00edfico do conhecimento da Ci\u00eancia da Informa\u00e7\u00e3o. Nesta fase prop\u00f5e-se identificar a rela\u00e7\u00e3o entre as contribui\u00e7\u00f5es observadas na pesquisa bibliogr\u00e1fica com a Teoria Geral da Arquitetura da Informa\u00e7\u00e3o proposta por Lima-Marques (2011),\u00a0procurando contextualizar a defini\u00e7\u00e3o de Informa\u00e7\u00e3o Qu\u00e2ntica dentro da disciplina de Arquitetura da Informa\u00e7\u00e3o.<\/p>\n<p>Refer\u00eancias:<\/p>\n<p>GIL, A. <strong>Como elaborar projetos de pesquisa<\/strong>. Atlas ed. S\u00e3o Paulo: [s.n.], 2002.<\/p>\n<p>LIMA\u2013MARQUES, M. Outline of a theoretical framework of Architecture of Information: a School of Brasilia proposal. In: BEZIAU, J.-Y.; CONIGLIO, M. E. (Eds.). <strong>Logic without Frontiers: Festschrift for Walter Alexandre Carnielli on the Occasion of His 60th Birthday<\/strong>. London: [s.n.], 2011.<\/p>\n","protected":false},"excerpt":{"rendered":"<p>O trabalho proposto \u00e9 dividido em duas fases. A primeira trata-se de uma pesquisa bibliogr\u00e1fica explorat\u00f3ria (GIL,2002) em livros, artigos, peri\u00f3dicos e document\u00e1rios que utilizem a Mec\u00e2nica Qu\u00e2ntica como meio para explica\u00e7\u00f5es de fen\u00f4menos observados em sistemas macrosc\u00f3picos. Essa pesquisa &hellip; <a href=\"https:\/\/blog.brelaz.com.br\/?page_id=146\">Continuar lendo <span class=\"meta-nav\">&rarr;<\/span><\/a><\/p>\n","protected":false},"author":1,"featured_media":0,"parent":132,"menu_order":3,"comment_status":"open","ping_status":"closed","template":"","meta":{"footnotes":""},"class_list":["post-146","page","type-page","status-publish","hentry"],"_links":{"self":[{"href":"https:\/\/blog.brelaz.com.br\/index.php?rest_route=\/wp\/v2\/pages\/146","targetHints":{"allow":["GET"]}}],"collection":[{"href":"https:\/\/blog.brelaz.com.br\/index.php?rest_route=\/wp\/v2\/pages"}],"about":[{"href":"https:\/\/blog.brelaz.com.br\/index.php?rest_route=\/wp\/v2\/types\/page"}],"author":[{"embeddable":true,"href":"https:\/\/blog.brelaz.com.br\/index.php?rest_route=\/wp\/v2\/users\/1"}],"replies":[{"embeddable":true,"href":"https:\/\/blog.brelaz.com.br\/index.php?rest_route=%2Fwp%2Fv2%2Fcomments&post=146"}],"version-history":[{"count":5,"href":"https:\/\/blog.brelaz.com.br\/index.php?rest_route=\/wp\/v2\/pages\/146\/revisions"}],"predecessor-version":[{"id":183,"href":"https:\/\/blog.brelaz.com.br\/index.php?rest_route=\/wp\/v2\/pages\/146\/revisions\/183"}],"up":[{"embeddable":true,"href":"https:\/\/blog.brelaz.com.br\/index.php?rest_route=\/wp\/v2\/pages\/132"}],"wp:attachment":[{"href":"https:\/\/blog.brelaz.com.br\/index.php?rest_route=%2Fwp%2Fv2%2Fmedia&parent=146"}],"curies":[{"name":"wp","href":"https:\/\/api.w.org\/{rel}","templated":true}]}}