{"id":178,"date":"2012-07-16T03:17:39","date_gmt":"2012-07-16T06:17:39","guid":{"rendered":"http:\/\/blog.brelaz.com.br\/?page_id=178"},"modified":"2012-07-16T03:20:42","modified_gmt":"2012-07-16T06:20:42","slug":"problema","status":"publish","type":"page","link":"https:\/\/blog.brelaz.com.br\/?page_id=178","title":{"rendered":"Problema"},"content":{"rendered":"<p>Existe uma discuss\u00e3o sobre o conceito de <em>informa\u00e7\u00e3o<\/em> na Ci\u00eancia da Informa\u00e7\u00e3o.\u00a0\u00a0Alguns autores traduzem o termo a um contexto espec\u00edfico para facilitar a compreens\u00e3o do tema abordado. Al\u00e9m disso,\u00a0Floridi (2004) elenca 18 problemas sobre\u00a0<em>Informa\u00e7\u00e3o<\/em>. Alguns desses s\u00e3o observados no n\u00edvel ontol\u00f3gico.\u00a0Crnkovic e\u00a0Hofkirchner (2011) analisaram esses problemas e perceberam que\u00a0 nos \u00faltimos dez anos\u00a0eles n\u00e3o foram completamente resolvidos, mas a tend\u00eancia tem sido observar\u00a0a natureza da <em>informa\u00e7\u00e3o<\/em> no meio ontol\u00f3gico.<\/p>\n<p>Alinhado a isso, a Mec\u00e2nica Qu\u00e2ntica analisa os sistemas em seu n\u00edvel mais fundamental e investiga comportamentos de sistemas microsc\u00f3picos e alguns efeitos em sistemas macrosc\u00f3picos. Dessa forma, esse segmento da F\u00edsica estuda a <em>Informa\u00e7\u00e3o Qu\u00e2ntica<\/em> no n\u00edvel ontol\u00f3gico.<\/p>\n<p>Um grupo de pesquisadores de Bras\u00edlia tamb\u00e9m possui uma proposta de estudo da informa\u00e7\u00e3o no n\u00edvel ontol\u00f3gico, atrav\u00e9s da Teoria Geral da Arquitetura da Informa\u00e7\u00e3o (LIMA-MARQUES, 2011), que poder\u00e1 ser enriquecida pelas contribui\u00e7\u00f5es da Mec\u00e2nica Qu\u00e2ntica.<\/p>\n<p>Algumas quest\u00f5es s\u00e3o consideradas para provocar uma discuss\u00e3o e nortear esta pesquisa:<\/p>\n<ol>\n<li>A ideia de <em>Informa\u00e7\u00e3o<\/em> na Mec\u00e2nica Qu\u00e2ntica \u00e9 homom\u00f3rfica com a ideia de <em>Informa\u00e7\u00e3o<\/em> em Arquitetura da Informa\u00e7\u00e3o?<\/li>\n<li>A Mec\u00e2nica Qu\u00e2ntica pode confirmar a proposta da Escola de Bras\u00edlia sobre a natureza da <em>Informa\u00e7\u00e3o<\/em> no n\u00edvel ontol\u00f3gico?<\/li>\n<li>Caso a Mec\u00e2nica Qu\u00e2ntica confirme o status ontol\u00f3gico da <em>Informa\u00e7\u00e3o<\/em>, quais s\u00e3o as consequ\u00eancias para o modelo Fenomenol\u00f3gico de Husserl?<\/li>\n<li>\u00c9 poss\u00edvel uma Arquitetura da Informa\u00e7\u00e3o Qu\u00e2ntica?<\/li>\n<\/ol>\n<p>Sugere-se que essas quest\u00f5es possam ser consideradas como um ponto de partida para uma contribui\u00e7\u00e3o na Ci\u00eancia da Informa\u00e7\u00e3o.<\/p>\n<h4>Refer\u00eancias:<\/h4>\n<p>CRNKOVIC, G. D.; HOFKIRCHNER, W. Floridi\u2019s \u201cOpen Problems in Philosophy of Information\u201d, Ten Years Later. <strong>Information<\/strong>, v. 2, n. 2, p. 327-359, 23 maio 2011.<\/p>\n<p>FLORIDI, L. Open Problems in the Philosophy of Information.\u00a0<strong>Metaphilosophy<\/strong>, v. 35, n. 4, p. 554-582, jul 2004.<\/p>\n<p>LIMA\u2013MARQUES, M. Outline of a theoretical framework of Architecture of Information: a School of Brasilia proposal. In: BEZIAU, J.-Y.; CONIGLIO, M. E. (Eds.). <strong>Logic without Frontiers: Festschrift for Walter Alexandre Carnielli on the Occasion of His 60th Birthday<\/strong>. London: [s.n.], 2011.<\/p>\n","protected":false},"excerpt":{"rendered":"<p>Existe uma discuss\u00e3o sobre o conceito de informa\u00e7\u00e3o na Ci\u00eancia da Informa\u00e7\u00e3o.\u00a0\u00a0Alguns autores traduzem o termo a um contexto espec\u00edfico para facilitar a compreens\u00e3o do tema abordado. Al\u00e9m disso,\u00a0Floridi (2004) elenca 18 problemas sobre\u00a0Informa\u00e7\u00e3o. Alguns desses s\u00e3o observados no n\u00edvel &hellip; <a href=\"https:\/\/blog.brelaz.com.br\/?page_id=178\">Continuar lendo <span class=\"meta-nav\">&rarr;<\/span><\/a><\/p>\n","protected":false},"author":1,"featured_media":0,"parent":132,"menu_order":1,"comment_status":"open","ping_status":"open","template":"","meta":{"footnotes":""},"class_list":["post-178","page","type-page","status-publish","hentry"],"_links":{"self":[{"href":"https:\/\/blog.brelaz.com.br\/index.php?rest_route=\/wp\/v2\/pages\/178","targetHints":{"allow":["GET"]}}],"collection":[{"href":"https:\/\/blog.brelaz.com.br\/index.php?rest_route=\/wp\/v2\/pages"}],"about":[{"href":"https:\/\/blog.brelaz.com.br\/index.php?rest_route=\/wp\/v2\/types\/page"}],"author":[{"embeddable":true,"href":"https:\/\/blog.brelaz.com.br\/index.php?rest_route=\/wp\/v2\/users\/1"}],"replies":[{"embeddable":true,"href":"https:\/\/blog.brelaz.com.br\/index.php?rest_route=%2Fwp%2Fv2%2Fcomments&post=178"}],"version-history":[{"count":6,"href":"https:\/\/blog.brelaz.com.br\/index.php?rest_route=\/wp\/v2\/pages\/178\/revisions"}],"predecessor-version":[{"id":187,"href":"https:\/\/blog.brelaz.com.br\/index.php?rest_route=\/wp\/v2\/pages\/178\/revisions\/187"}],"up":[{"embeddable":true,"href":"https:\/\/blog.brelaz.com.br\/index.php?rest_route=\/wp\/v2\/pages\/132"}],"wp:attachment":[{"href":"https:\/\/blog.brelaz.com.br\/index.php?rest_route=%2Fwp%2Fv2%2Fmedia&parent=178"}],"curies":[{"name":"wp","href":"https:\/\/api.w.org\/{rel}","templated":true}]}}