{"id":2,"date":"2010-06-19T04:28:33","date_gmt":"2010-06-19T07:28:33","guid":{"rendered":"http:\/\/blog.local\/?page_id=2"},"modified":"2012-06-15T21:54:21","modified_gmt":"2012-06-16T00:54:21","slug":"sobre","status":"publish","type":"page","link":"https:\/\/blog.brelaz.com.br\/?page_id=2","title":{"rendered":"Sobre"},"content":{"rendered":"<p>Consultor de TI na Caixa Econ\u00f4mica Federal, Especialista em Governan\u00e7a de TI, Estudante de Mestrado em Ci\u00eancias da Informa\u00e7\u00e3o na Universidade de Bras\u00edlia (UnB).<\/p>\n","protected":false},"excerpt":{"rendered":"<p>Consultor de TI na Caixa Econ\u00f4mica Federal, Especialista em Governan\u00e7a de TI, Estudante de Mestrado em Ci\u00eancias da Informa\u00e7\u00e3o na Universidade de Bras\u00edlia (UnB).<\/p>\n","protected":false},"author":1,"featured_media":0,"parent":0,"menu_order":0,"comment_status":"open","ping_status":"open","template":"","meta":{"footnotes":""},"class_list":["post-2","page","type-page","status-publish","hentry"],"_links":{"self":[{"href":"https:\/\/blog.brelaz.com.br\/index.php?rest_route=\/wp\/v2\/pages\/2","targetHints":{"allow":["GET"]}}],"collection":[{"href":"https:\/\/blog.brelaz.com.br\/index.php?rest_route=\/wp\/v2\/pages"}],"about":[{"href":"https:\/\/blog.brelaz.com.br\/index.php?rest_route=\/wp\/v2\/types\/page"}],"author":[{"embeddable":true,"href":"https:\/\/blog.brelaz.com.br\/index.php?rest_route=\/wp\/v2\/users\/1"}],"replies":[{"embeddable":true,"href":"https:\/\/blog.brelaz.com.br\/index.php?rest_route=%2Fwp%2Fv2%2Fcomments&post=2"}],"version-history":[{"count":2,"href":"https:\/\/blog.brelaz.com.br\/index.php?rest_route=\/wp\/v2\/pages\/2\/revisions"}],"predecessor-version":[{"id":50,"href":"https:\/\/blog.brelaz.com.br\/index.php?rest_route=\/wp\/v2\/pages\/2\/revisions\/50"}],"wp:attachment":[{"href":"https:\/\/blog.brelaz.com.br\/index.php?rest_route=%2Fwp%2Fv2%2Fmedia&parent=2"}],"curies":[{"name":"wp","href":"https:\/\/api.w.org\/{rel}","templated":true}]}}